{"id":479682,"date":"2026-01-19T11:16:59","date_gmt":"2026-01-19T10:16:59","guid":{"rendered":"https:\/\/allgeier-se.seowerk.net\/?page_id=479682"},"modified":"2026-01-19T11:31:07","modified_gmt":"2026-01-19T10:31:07","slug":"aktienrueckkauf-2025-2026","status":"publish","type":"page","link":"https:\/\/allgeier-se.seowerk.net\/de\/investor-relations\/aktienrueckkauf-2025-2026\/","title":{"rendered":"Aktienr\u00fcckkauf 2025\/2026"},"content":{"rendered":"<div class=\"fusion-fullwidth fullwidth-box fusion-builder-row-1 fusion-flex-container has-pattern-background has-mask-background nonhundred-percent-fullwidth non-hundred-percent-height-scrolling\" style=\"--awb-border-radius-top-left:0px;--awb-border-radius-top-right:0px;--awb-border-radius-bottom-right:0px;--awb-border-radius-bottom-left:0px;--awb-flex-wrap:wrap;\" ><div class=\"fusion-builder-row fusion-row fusion-flex-align-items-flex-start fusion-flex-content-wrap\" style=\"max-width:1456px;margin-left: calc(-4% \/ 2 );margin-right: calc(-4% \/ 2 );\"><div class=\"fusion-layout-column fusion_builder_column fusion-builder-column-0 fusion_builder_column_1_1 1_1 fusion-flex-column\" style=\"--awb-bg-size:cover;--awb-width-large:100%;--awb-margin-top-large:0px;--awb-spacing-right-large:1.92%;--awb-margin-bottom-large:1.5rem;--awb-spacing-left-large:1.92%;--awb-width-medium:100%;--awb-order-medium:0;--awb-spacing-right-medium:1.92%;--awb-spacing-left-medium:1.92%;--awb-width-small:100%;--awb-order-small:0;--awb-spacing-right-small:1.92%;--awb-spacing-left-small:1.92%;\"><div class=\"fusion-column-wrapper fusion-column-has-shadow fusion-flex-justify-content-flex-start fusion-content-layout-column\"><div class=\"fusion-title title fusion-title-1 fusion-sep-none fusion-title-text fusion-title-size-one\"><h1 class=\"fusion-title-heading title-heading-left fusion-responsive-typography-calculated\" style=\"--fontSize:60;line-height:var(--awb-typography1-line-height);\">Aktienr\u00fcckkauf 2025\/2026<\/h1><\/div><div class=\"fusion-separator separator-gradient\" style=\"align-self: flex-start;margin-right:auto;margin-top:1.31rem;margin-bottom:2rem;width:100%;max-width:70px;\"><div class=\"fusion-separator-border sep-single sep-solid\" style=\"--awb-height:20px;--awb-amount:20px;--awb-sep-color:var(--awb-color3);border-color:var(--awb-color3);border-top-width:5px;\"><\/div><\/div>\n<div class=\"fusion-text fusion-text-1\"><p>Am 18. Dezember 2025 hat der Vorstand der Allgeier SE beschlossen, von der durch die Hauptversammlung am 27. Juni 2025 erteilten Erm\u00e4chtigung gem\u00e4\u00df \u00a7 71 Abs. 1 Nr. 8 AktG zum R\u00fcckkauf eigener Aktien Gebrauch zu machen.<\/p>\n<p>Insgesamt sollen im Rahmen eines Aktienr\u00fcckkaufprogramms bis zu 575.080 Aktien der Allgeier SE zur\u00fcckerworben werden, entsprechend einem Anteil von rund 5 % des derzeitigen Grundkapitals von EUR 11.501.613,00, wobei der R\u00fcckkauf auf eine solche Anzahl von Aktien begrenzt ist, die einem Gesamtvolumen von h\u00f6chstens EUR 11 Mio. (ohne Erwerbsnebenkosten) entspricht. Der R\u00fcckkauf wird in dem Zeitraum vom 19. Dezember 2025 bis sp\u00e4testens zum 30. April 2026 stattfinden.<\/p>\n<p>Allgeier SE hat die Bedingungen dieses Aktienr\u00fcckkaufprogramms am 19. Dezember 2025 nach Art. 5 Abs. 1 lit. a) der Verordnung (EU) Nr. 596\/2014 und Art. 2 Abs. 1 der Delegierten Verordnung der Kommission (EU) Nr. 2016\/1052 bekanntgemacht.<\/p>\n<\/div><ul style=\"--awb-margin-bottom:2em;--awb-line-height:30.6px;--awb-icon-width:30.6px;--awb-icon-height:30.6px;--awb-icon-margin:12.6px;--awb-content-margin:43.2px;--awb-circlecolor:var(--awb-color5);--awb-circle-yes-font-size:15.84px;\" class=\"fusion-checklist fusion-checklist-1 fusion-checklist-default type-icons\"><li class=\"fusion-li-item\" style=\"\"><span class=\"icon-wrapper circle-yes\"><i class=\"fusion-li-icon fa-external-link-alt fas\" aria-hidden=\"true\"><\/i><\/span><div class=\"fusion-li-item-content\">\n<p><a href=\"https:\/\/allgeier-se.seowerk.net\/de\/ad-hoc-mitteilungen\/allgeier-se-guidance-fuer-das-geschaeftsjahr-2026-und-aktienrueckkauf\/\" target=\"_blank\" rel=\"noopener\">Ad-hoc-Mitteilung vom 18. Dezember 2025<\/a><\/p>\n<\/div><\/li><li class=\"fusion-li-item\" style=\"\"><span class=\"icon-wrapper circle-yes\"><i class=\"fusion-li-icon fa-file-pdf fas\" aria-hidden=\"true\"><\/i><\/span><div class=\"fusion-li-item-content\">\n<p><a href=\"https:\/\/allgeier-se.seowerk.net\/de\/download\/93\/aktienrueckkaeufe-2025-2026\/479739\/allgeier-se_startmitteilung_aktienrueckkauf-2025.pdf\" target=\"_blank\" rel=\"noopener\">Bekanntmachung nach Art. 2 Abs. 1 der Delegierten Verordnung (EU) Nr. 2016\/1052 der Kommission zur Verordnung (EU) Nr. 596\/2014 (MAR) vom 19. Dezember 2025<\/a><\/p>\n<\/div><\/li><\/ul><div class=\"fusion-text fusion-text-2\"><p><strong>Ver\u00f6ffentlichung von Aktienr\u00fcckk\u00e4ufen in detaillierter und aggregierter Form nach Art. 2 Abs. 2 und Abs. 3 der Delegierten Verordnung der Kommission (EU) Nr. 2016\/1052<\/strong><\/p>\n<\/div><div class=\"fusion-text fusion-text-3\">\n<table id=\"tablepress-12\" class=\"tablepress tablepress-id-12\">\n<thead>\n<tr class=\"row-1\">\n\t<th class=\"column-1\">Datum<\/th><th class=\"column-2\">\u00dcberblick Aktienr\u00fcckk\u00e4ufe<\/th><th class=\"column-3\">Gesch\u00e4fte in detaillierter Form<\/th><th class=\"column-4\">Gesamtzahl der erworbenen Aktien<\/th><th class=\"column-5\">Ausgegebener Gesamtbetrag<\/th>\n<\/tr>\n<\/thead>\n<tbody class=\"row-striping row-hover\">\n<tr class=\"row-2\">\n\t<td class=\"column-1\">20.04.2026 \u2013 24.04.2026<\/td><td class=\"column-2\"><a href=\"https:\/\/allgeier-se.seowerk.net\/de\/download\/93\/aktienrueckkaeufe-2025-2026\/1048653\/allgeier-se_aktienrueckkauf-2025_19-zwischenmeldung_de_v1_2026-04-27.pdf\" target=\"_blank\">PDF<\/a><\/td><td class=\"column-3\"><a href=\"https:\/\/allgeier-se.seowerk.net\/de\/download\/93\/aktienrueckkaeufe-2025-2026\/1048658\/daily-reporting_sbb_allgeier.pdf\" target=\"_blank\">PDF<\/a><\/td><td class=\"column-4\">16.161<\/td><td class=\"column-5\">EUR 285.648,65<\/td>\n<\/tr>\n<tr class=\"row-3\">\n\t<td class=\"column-1\">13.04.2026 \u2013 17.04.2026<\/td><td class=\"column-2\"><a href=\"https:\/\/allgeier-se.seowerk.net\/de\/download\/93\/aktienrueckkaeufe-2025-2026\/1024407\/allgeier-se_aktienrueckkauf-2025_18-zwischenmeldung_de_v1_2026-04-20.pdf\" target=\"_blank\">PDF<\/a><\/td><td class=\"column-3\"><a href=\"https:\/\/allgeier-se.seowerk.net\/de\/download\/93\/aktienrueckkaeufe-2025-2026\/1024416\/daily-reporting_sbb_allgeier.pdf\" target=\"_blank\">PDF<\/a><\/td><td class=\"column-4\">16.234<\/td><td class=\"column-5\">EUR 296.992,75<\/td>\n<\/tr>\n<tr class=\"row-4\">\n\t<td class=\"column-1\">07.04.2026 \u2013 10.04.2026<\/td><td class=\"column-2\"><a href=\"https:\/\/allgeier-se.seowerk.net\/de\/download\/93\/aktienrueckkaeufe-2025-2026\/989476\/allgeier-se_aktienrueckkauf-2025_17-zwischenmeldung_de_v1_2026-04-13.pdf\" target=\"_blank\">PDF<\/a><\/td><td class=\"column-3\"><a href=\"https:\/\/allgeier-se.seowerk.net\/de\/download\/93\/aktienrueckkaeufe-2025-2026\/989482\/daily-reporting_sbb_allgeier.pdf\" target=\"_blank\">PDF<\/a><\/td><td class=\"column-4\">14.209<\/td><td class=\"column-5\">EUR 252.075,02<\/td>\n<\/tr>\n<tr class=\"row-5\">\n\t<td class=\"column-1\">30.03.2026 \u2013 02.04.2026<\/td><td class=\"column-2\"><a href=\"https:\/\/allgeier-se.seowerk.net\/de\/download\/93\/aktienrueckkaeufe-2025-2026\/955779\/allgeier-se_aktienrueckkauf-2025_16-zwischenmeldung_de_v1_2026-04-07.pdf\" target=\"_blank\">PDF<\/a><\/td><td class=\"column-3\"><a href=\"https:\/\/allgeier-se.seowerk.net\/de\/download\/93\/aktienrueckkaeufe-2025-2026\/955786\/daily-reporting_sbb_allgeier.pdf\" target=\"_blank\">PDF<\/a><\/td><td class=\"column-4\">14.355<\/td><td class=\"column-5\">EUR 242.100,64<\/td>\n<\/tr>\n<tr class=\"row-6\">\n\t<td class=\"column-1\">23.03.2026 \u2013 27.03.2026<\/td><td class=\"column-2\"><a href=\"https:\/\/allgeier-se.seowerk.net\/de\/download\/93\/aktienrueckkaeufe-2025-2026\/917438\/allgeier-se_aktienrueckkauf-2025_15-zwischenmeldung_de_v1_2026-03-30.pdf\" target=\"_blank\">PDF<\/a><\/td><td class=\"column-3\"><a href=\"https:\/\/allgeier-se.seowerk.net\/de\/download\/93\/aktienrueckkaeufe-2025-2026\/917439\/daily-reporting_sbb_allgeier.pdf\" target=\"_blank\">PDF<\/a><\/td><td class=\"column-4\">21.128<\/td><td class=\"column-5\">EUR 342.606,17<\/td>\n<\/tr>\n<tr class=\"row-7\">\n\t<td class=\"column-1\">16.03.2026 \u2013 20.03.2026<\/td><td class=\"column-2\"><a href=\"https:\/\/allgeier-se.seowerk.net\/de\/download\/93\/aktienrueckkaeufe-2025-2026\/883544\/aktienrueckkauf-2026-14-zwischenmeldung.pdf\" target=\"_blank\">PDF<\/a><\/td><td class=\"column-3\"><a href=\"https:\/\/allgeier-se.seowerk.net\/de\/download\/93\/aktienrueckkaeufe-2025-2026\/883545\/aktienrueckkauf-2026-geschaefte-in-detaillierter-form-16-03-20-03.pdf\" target=\"_blank\">PDF<\/a><\/td><td class=\"column-4\">18.018<\/td><td class=\"column-5\">EUR 310.980,78<\/td>\n<\/tr>\n<tr class=\"row-8\">\n\t<td class=\"column-1\">09.03.2026 \u2013 13.03.2026<\/td><td class=\"column-2\"><a href=\"https:\/\/allgeier-se.seowerk.net\/de\/download\/93\/aktienrueckkaeufe-2025-2026\/851259\/allgeier-se_aktienrueckkauf-2025_13-zwischenmeldung_de_v1_2026-03-16.pdf\" target=\"_blank\">PDF<\/a><\/td><td class=\"column-3\"><a href=\"https:\/\/allgeier-se.seowerk.net\/de\/download\/93\/aktienrueckkaeufe-2025-2026\/851261\/daily-reporting_sbb_allgeier.pdf\" target=\"_blank\">PDF<\/a><\/td><td class=\"column-4\">29.998<\/td><td class=\"column-5\">EUR 531.870,52<\/td>\n<\/tr>\n<tr class=\"row-9\">\n\t<td class=\"column-1\">02.03.2026 \u2013 06.03.2026<\/td><td class=\"column-2\"><a href=\"https:\/\/allgeier-se.seowerk.net\/de\/download\/93\/aktienrueckkaeufe-2025-2026\/817429\/allgeier-se_aktienrueckkauf-2025_12-zwischenmeldung_de_v1_2026-03-09.pdf\" target=\"_blank\">PDF<\/a><\/td><td class=\"column-3\"><a href=\"https:\/\/allgeier-se.seowerk.net\/en\/download\/94\/share-buyback-2025-2026\/817442\/daily-reporting_sbb_allgeier.pdf\" target=\"_blank\">PDF<\/a><\/td><td class=\"column-4\">27.848<\/td><td class=\"column-5\">EUR 490.736,97<\/td>\n<\/tr>\n<tr class=\"row-10\">\n\t<td class=\"column-1\">23.02.2026 \u2013 27.02.2026<\/td><td class=\"column-2\"><a href=\"https:\/\/allgeier-se.seowerk.net\/de\/download\/93\/aktienrueckkaeufe-2025-2026\/788510\/allgeier-se_aktienrueckkauf-2025_11-zwischenmeldung_de_v1_2026-03-02.pdf\" target=\"_blank\">PDF<\/a><\/td><td class=\"column-3\"><a href=\"https:\/\/allgeier-se.seowerk.net\/de\/download\/93\/aktienrueckkaeufe-2025-2026\/788512\/daily-reporting_sbb_allgeier.pdf\" target=\"_blank\">PDF<\/a><\/td><td class=\"column-4\">41.272<br \/>\r\n<br \/>\r\n<\/td><td class=\"column-5\">EUR 703.774,99<\/td>\n<\/tr>\n<tr class=\"row-11\">\n\t<td class=\"column-1\">16.02.2026 \u2013 20.02.2026<\/td><td class=\"column-2\"><a href=\"https:\/\/allgeier-se.seowerk.net\/de\/download\/93\/aktienrueckkaeufe-2025-2026\/749333\/allgeier-se_aktienrueckkauf-2025_10-zwischenmeldung_de_v1_2026-02-23.pdf\" target=\"_blank\">PDF<\/a><\/td><td class=\"column-3\"><a href=\"https:\/\/allgeier-se.seowerk.net\/de\/download\/93\/aktienrueckkaeufe-2025-2026\/749334\/daily-reporting_sbb_allgeier.pdf\" target=\"_blank\">PDF<\/a><\/td><td class=\"column-4\">38.237<\/td><td class=\"column-5\">EUR 652.829,48<\/td>\n<\/tr>\n<tr class=\"row-12\">\n\t<td class=\"column-1\">09.02.2026 \u2013 13.02.2026<\/td><td class=\"column-2\"><a href=\"https:\/\/allgeier-se.seowerk.net\/de\/download\/93\/aktienrueckkaeufe-2025-2026\/703006\/allgeier-se_aktienrueckkauf-2025_9-zwischenmeldung_de_v1_2026-02-16.pdf\" target=\"_blank\">PDF<\/a><\/td><td class=\"column-3\"><a href=\"https:\/\/allgeier-se.seowerk.net\/de\/download\/93\/aktienrueckkaeufe-2025-2026\/703008\/daily-reporting-sbb.pdf\" target=\"_blank\">PDF<\/a><\/td><td class=\"column-4\">36.414<\/td><td class=\"column-5\">EUR 656.230,26<\/td>\n<\/tr>\n<tr class=\"row-13\">\n\t<td class=\"column-1\">02.02.2026 \u2013 06.02.2026<\/td><td class=\"column-2\"><a href=\"https:\/\/allgeier-se.seowerk.net\/de\/download\/93\/aktienrueckkaeufe-2025-2026\/658068\/aktienrueckkauf-2026-8-zwischenmeldung.pdf\" target=\"_blank\">PDF<\/a><\/td><td class=\"column-3\"><a href=\"https:\/\/allgeier-se.seowerk.net\/de\/download\/93\/aktienrueckkaeufe-2025-2026\/658070\/daily-reporting_sbb_allgeier.pdf\" target=\"_blank\">PDF<\/a><\/td><td class=\"column-4\">33.932<\/td><td class=\"column-5\">EUR 717.733,01<\/td>\n<\/tr>\n<tr class=\"row-14\">\n\t<td class=\"column-1\">26.01.2026 \u2013 30.01.2026<\/td><td class=\"column-2\"><a href=\"https:\/\/allgeier-se.seowerk.net\/de\/download\/93\/aktienrueckkaeufe-2025-2026\/610408\/allgeier-se_aktienrueckkauf-2025_7-zwischenmeldung_de_v1_2026-02-02.pdf\" target=\"_blank\">PDF<\/a><\/td><td class=\"column-3\"><a href=\"https:\/\/allgeier-se.seowerk.net\/de\/download\/93\/aktienrueckkaeufe-2025-2026\/610407\/daily-reporting_sbb_allgeier_26-30-01-2026.pdf\" target=\"_blank\">PDF<\/a><\/td><td class=\"column-4\">35.137<\/td><td class=\"column-5\">EUR 788.995,25<\/td>\n<\/tr>\n<tr class=\"row-15\">\n\t<td class=\"column-1\">19.01.2026 \u2013 23.01.2026<\/td><td class=\"column-2\"><a href=\"https:\/\/allgeier-se.seowerk.net\/de\/download\/93\/aktienrueckkaeufe-2025-2026\/553518\/aktienrueckkauf-2026-6-zwischenmeldung.pdf\" target=\"_blank\">PDF<\/a><\/td><td class=\"column-3\"><a href=\"https:\/\/allgeier-se.seowerk.net\/de\/download\/93\/aktienrueckkaeufe-2025-2026\/553523\/reporting_sbb_allgeier-19-01-23-01.pdf\" target=\"_blank\">PDF<\/a><\/td><td class=\"column-4\">34.644<\/td><td class=\"column-5\">EUR 763.585,32<\/td>\n<\/tr>\n<tr class=\"row-16\">\n\t<td class=\"column-1\">12.01.2026 \u2013 16.01.2026<\/td><td class=\"column-2\"><a href=\"https:\/\/allgeier-se.seowerk.net\/de\/download\/93\/aktienrueckkaeufe-2025-2026\/480043\/allgeier-se_aktienrueckkauf-2025_5-zwischenmeldung_de_v1_2026-01-19.pdf\" target=\"_blank\">PDF<\/a><\/td><td class=\"column-3\"><a href=\"https:\/\/allgeier-se.seowerk.net\/de\/download\/93\/aktienrueckkaeufe-2025-2026\/480050\/reporting_sbb_allgeier-12-01-16-01.pdf\" target=\"_blank\">PDF<\/a><\/td><td class=\"column-4\">26.390<\/td><td class=\"column-5\">EUR 612.942,86<\/td>\n<\/tr>\n<tr class=\"row-17\">\n\t<td class=\"column-1\">05.01.2026 \u2013 09.01.2026<\/td><td class=\"column-2\"><a href=\"https:\/\/allgeier-se.seowerk.net\/de\/download\/93\/aktienrueckkaeufe-2025-2026\/480000\/aktienrueckkauf-2026-4-zwischenmeldung.pdf\" target=\"_blank\">PDF<\/a><\/td><td class=\"column-3\"><a href=\"https:\/\/allgeier-se.seowerk.net\/de\/download\/93\/aktienrueckkaeufe-2025-2026\/480001\/aktienrueckkauf-2026-geschaefte-in-detaillierter-form-05-01-09-01.pdf\" target=\"_blank\">PDF<\/a><\/td><td class=\"column-4\">19.971<\/td><td class=\"column-5\">EUR 426.687,84<\/td>\n<\/tr>\n<tr class=\"row-18\">\n\t<td class=\"column-1\">29.12.2025 \u2013 02.01.2026<\/td><td class=\"column-2\"><a href=\"https:\/\/allgeier-se.seowerk.net\/de\/download\/93\/aktienrueckkaeufe-2025-2026\/479981\/allgeier-se_aktienrueckkauf-2025_3-zwischenmeldung_de_v1_2026-01-05.pdf\" target=\"_blank\">PDF<\/a><\/td><td class=\"column-3\"><a href=\"https:\/\/allgeier-se.seowerk.net\/de\/download\/93\/aktienrueckkaeufe-2025-2026\/479988\/uebersicht-aktienrueckkauf-allgeier-se-29-12-2025-02-01-2026.pdf\" target=\"_blank\">PDF<\/a><\/td><td class=\"column-4\">11.871<\/td><td class=\"column-5\">EUR 245.136,82<\/td>\n<\/tr>\n<tr class=\"row-19\">\n\t<td class=\"column-1\">22.12.2025 \u2013 23.12.2025<\/td><td class=\"column-2\"><a href=\"https:\/\/allgeier-se.seowerk.net\/de\/download\/93\/aktienrueckkaeufe-2025-2026\/479835\/allgeier-se_aktienrueckkauf-2025_2-zwischenmeldung_de_v1_20251229.pdf\" target=\"_blank\">PDF<\/a><\/td><td class=\"column-3\"><a href=\"https:\/\/allgeier-se.seowerk.net\/de\/download\/93\/aktienrueckkaeufe-2025-2026\/479834\/20251222_daily-reporting_sbb_allgeier.pdf\" target=\"_blank\">PDF<\/a><\/td><td class=\"column-4\">5.851<\/td><td class=\"column-5\">EUR 117.350,47<\/td>\n<\/tr>\n<tr class=\"row-20\">\n\t<td class=\"column-1\">19.12.2025 -<br \/>\r\n19.12.2025<\/td><td class=\"column-2\"><a href=\"https:\/\/allgeier-se.seowerk.net\/de\/download\/93\/aktienrueckkaeufe-2025-2026\/479812\/allgeier-se_aktienrueckkauf-2025_1-zwischenmeldung_de.pdf\" target=\"_blank\">PDF<\/a><\/td><td class=\"column-3\"><a href=\"https:\/\/allgeier-se.seowerk.net\/de\/download\/93\/aktienrueckkaeufe-2025-2026\/479813\/allgeier-se_aktienrueckkauf-2025_geschaefte-in-detaillierter-form_20251219_20251219.pdf\" target=\"_blank\">PDF<\/a><\/td><td class=\"column-4\">3.665<\/td><td class=\"column-5\">EUR 74.200,86<\/td>\n<\/tr>\n<\/tbody>\n<\/table>\n<!-- #tablepress-12 from cache -->\n<\/div><\/div><\/div><\/div><\/div>\n","protected":false},"excerpt":{"rendered":"","protected":false},"author":1,"featured_media":0,"parent":83,"menu_order":0,"comment_status":"closed","ping_status":"closed","template":"","meta":{"footnotes":""},"categories":[],"tags":[],"class_list":["post-479682","page","type-page","status-publish","hentry"],"_links":{"self":[{"href":"https:\/\/allgeier-se.seowerk.net\/de\/wp-json\/wp\/v2\/pages\/479682","targetHints":{"allow":["GET"]}}],"collection":[{"href":"https:\/\/allgeier-se.seowerk.net\/de\/wp-json\/wp\/v2\/pages"}],"about":[{"href":"https:\/\/allgeier-se.seowerk.net\/de\/wp-json\/wp\/v2\/types\/page"}],"author":[{"embeddable":true,"href":"https:\/\/allgeier-se.seowerk.net\/de\/wp-json\/wp\/v2\/users\/1"}],"replies":[{"embeddable":true,"href":"https:\/\/allgeier-se.seowerk.net\/de\/wp-json\/wp\/v2\/comments?post=479682"}],"version-history":[{"count":5,"href":"https:\/\/allgeier-se.seowerk.net\/de\/wp-json\/wp\/v2\/pages\/479682\/revisions"}],"predecessor-version":[{"id":479803,"href":"https:\/\/allgeier-se.seowerk.net\/de\/wp-json\/wp\/v2\/pages\/479682\/revisions\/479803"}],"up":[{"embeddable":true,"href":"https:\/\/allgeier-se.seowerk.net\/de\/wp-json\/wp\/v2\/pages\/83"}],"wp:attachment":[{"href":"https:\/\/allgeier-se.seowerk.net\/de\/wp-json\/wp\/v2\/media?parent=479682"}],"wp:term":[{"taxonomy":"category","embeddable":true,"href":"https:\/\/allgeier-se.seowerk.net\/de\/wp-json\/wp\/v2\/categories?post=479682"},{"taxonomy":"post_tag","embeddable":true,"href":"https:\/\/allgeier-se.seowerk.net\/de\/wp-json\/wp\/v2\/tags?post=479682"}],"curies":[{"name":"wp","href":"https:\/\/api.w.org\/{rel}","templated":true}]}}