{"id":128,"date":"2025-01-12T12:46:00","date_gmt":"2025-01-12T11:46:00","guid":{"rendered":"https:\/\/allgeier-se.seowerk.net\/?page_id=128"},"modified":"2025-06-02T12:12:54","modified_gmt":"2025-06-02T10:12:54","slug":"impressum","status":"publish","type":"page","link":"https:\/\/allgeier-se.seowerk.net\/de\/impressum\/","title":{"rendered":"Impressum"},"content":{"rendered":"<div class=\"fusion-fullwidth fullwidth-box fusion-builder-row-1 fusion-flex-container has-pattern-background has-mask-background nonhundred-percent-fullwidth non-hundred-percent-height-scrolling\" style=\"--awb-border-radius-top-left:0px;--awb-border-radius-top-right:0px;--awb-border-radius-bottom-right:0px;--awb-border-radius-bottom-left:0px;--awb-flex-wrap:wrap;\" ><div class=\"fusion-builder-row fusion-row fusion-flex-align-items-flex-start fusion-flex-content-wrap\" style=\"max-width:1456px;margin-left: calc(-4% \/ 2 );margin-right: calc(-4% \/ 2 );\"><div class=\"fusion-layout-column fusion_builder_column fusion-builder-column-0 fusion_builder_column_1_1 1_1 fusion-flex-column\" style=\"--awb-bg-size:cover;--awb-width-large:100%;--awb-margin-top-large:0px;--awb-spacing-right-large:1.92%;--awb-margin-bottom-large:1.5rem;--awb-spacing-left-large:1.92%;--awb-width-medium:100%;--awb-order-medium:0;--awb-spacing-right-medium:1.92%;--awb-spacing-left-medium:1.92%;--awb-width-small:100%;--awb-order-small:0;--awb-spacing-right-small:1.92%;--awb-spacing-left-small:1.92%;\"><div class=\"fusion-column-wrapper fusion-column-has-shadow fusion-flex-justify-content-flex-start fusion-content-layout-column\"><div class=\"fusion-text fusion-text-1\"><p><strong>Allgeier SE<\/strong><\/p>\n<p>Montgelasstra\u00dfe 14<br \/>\nD-81679 M\u00fcnchen<br \/>\nTel.: +49 89 998421-0<br \/>\nFax: +49 89 998421-11<br \/>\nE-Mail:\u00a0<a href=\"mailto:info@allgeier.com\">info@allgeier.com<\/a><\/p>\n<p>Vertretungsberechtigte Vorst\u00e4nde: Dr. Marcus Goedsche, Hubert Rohrer, Moritz Genzel<\/p>\n<p>Vorsitzender des Aufsichtsrats: Carl Georg D\u00fcrschmidt<\/p>\n<p>Handelsregister: HRB-Nr. 198543, Amtsgericht M\u00fcnchen<\/p>\n<p>Umsatzsteuer-Identifikationsnummer: DE114397847<\/p>\n<p>Inhaltlich Verantwortlicher gem\u00e4\u00df \u00a7 55 Absatz 2 RStV:<br \/>\nDr. Marcus Goedsche (Anschrift wie oben)<\/p>\n<p><strong>Whistleblowing<\/strong><\/p>\n<p>Wir best\u00e4rken Sie darin, uns Verdachtsmomente f\u00fcr unethisches oder illegales Handeln \u00fcber unsere Whistleblowing Stelle zu melden:\u00a0<a href=\"mailto:whistleblowing@allgeier.com\">whistleblowing@allgeier.com<\/a>. Sie erm\u00f6glicht die Anzeige unter anderem<\/p>\n<ul>\n<li>bei Verdacht auf Wirtschaftskriminalit\u00e4t,<\/li>\n<li>bei Verdacht auf Geldw\u00e4sche,<\/li>\n<li>bei Verdacht auf Bestechung,<\/li>\n<li>bei Fehlverhalten von Allgeier Mitarbeitern.<\/li>\n<\/ul>\n<p>Nicht genutzt werden sollte die Whistleblowing Stelle, um Beschwerde \u00fcber die Qualit\u00e4t der von Allgeier erbrachten Leistungen einzulegen. In diesen F\u00e4llen wenden Sie sich bitte an Ihren Allgeier Ansprechpartner.<\/p>\n<p>Allgeier sch\u00fctzt die Interessen der Hinweisgeber. Alle Informationen und Hinweise, die die\u00a0<a href=\"mailto:whistleblowing@allgeier.com\">Whistleblowing Stelle<\/a>\u00a0erh\u00e4lt, werden vertraulich behandelt.<\/p>\n<\/div><\/div><\/div><\/div><\/div>\n","protected":false},"excerpt":{"rendered":"","protected":false},"author":1,"featured_media":0,"parent":0,"menu_order":0,"comment_status":"closed","ping_status":"closed","template":"100-width.php","meta":{"footnotes":""},"categories":[],"tags":[],"class_list":["post-128","page","type-page","status-publish","hentry"],"_links":{"self":[{"href":"https:\/\/allgeier-se.seowerk.net\/de\/wp-json\/wp\/v2\/pages\/128","targetHints":{"allow":["GET"]}}],"collection":[{"href":"https:\/\/allgeier-se.seowerk.net\/de\/wp-json\/wp\/v2\/pages"}],"about":[{"href":"https:\/\/allgeier-se.seowerk.net\/de\/wp-json\/wp\/v2\/types\/page"}],"author":[{"embeddable":true,"href":"https:\/\/allgeier-se.seowerk.net\/de\/wp-json\/wp\/v2\/users\/1"}],"replies":[{"embeddable":true,"href":"https:\/\/allgeier-se.seowerk.net\/de\/wp-json\/wp\/v2\/comments?post=128"}],"version-history":[{"count":3,"href":"https:\/\/allgeier-se.seowerk.net\/de\/wp-json\/wp\/v2\/pages\/128\/revisions"}],"predecessor-version":[{"id":8582,"href":"https:\/\/allgeier-se.seowerk.net\/de\/wp-json\/wp\/v2\/pages\/128\/revisions\/8582"}],"wp:attachment":[{"href":"https:\/\/allgeier-se.seowerk.net\/de\/wp-json\/wp\/v2\/media?parent=128"}],"wp:term":[{"taxonomy":"category","embeddable":true,"href":"https:\/\/allgeier-se.seowerk.net\/de\/wp-json\/wp\/v2\/categories?post=128"},{"taxonomy":"post_tag","embeddable":true,"href":"https:\/\/allgeier-se.seowerk.net\/de\/wp-json\/wp\/v2\/tags?post=128"}],"curies":[{"name":"wp","href":"https:\/\/api.w.org\/{rel}","templated":true}]}}