{"id":11,"date":"2025-01-10T10:30:29","date_gmt":"2025-01-10T09:30:29","guid":{"rendered":"https:\/\/allgeier-se.seowerk.net\/about\/"},"modified":"2025-06-06T12:44:28","modified_gmt":"2025-06-06T10:44:28","slug":"ueber-uns","status":"publish","type":"page","link":"https:\/\/allgeier-se.seowerk.net\/de\/ueber-uns\/","title":{"rendered":"\u00dcber uns"},"content":{"rendered":"<p><div class=\"fusion-fullwidth fullwidth-box fusion-builder-row-1 fusion-flex-container nonhundred-percent-fullwidth non-hundred-percent-height-scrolling\" style=\"--awb-border-sizes-top:0px;--awb-border-sizes-bottom:0px;--awb-border-sizes-left:0px;--awb-border-sizes-right:0px;--awb-border-radius-top-left:0px;--awb-border-radius-top-right:0px;--awb-border-radius-bottom-right:0px;--awb-border-radius-bottom-left:0px;--awb-padding-top:5vmax;--awb-padding-top-medium:60px;--awb-padding-bottom-medium:60px;--awb-padding-top-small:50px;--awb-margin-top:0px;--awb-margin-bottom:0px;--awb-background-color:var(--awb-color8);--awb-flex-wrap:wrap;\" ><div class=\"fusion-builder-row fusion-row fusion-flex-align-items-center fusion-flex-content-wrap\" style=\"max-width:1456px;margin-left: calc(-4% \/ 2 );margin-right: calc(-4% \/ 2 );\"><div class=\"fusion-layout-column fusion_builder_column fusion-builder-column-0 fusion_builder_column_2_5 2_5 fusion-flex-column\" style=\"--awb-bg-size:cover;--awb-width-large:40%;--awb-margin-top-large:0px;--awb-spacing-right-large:4.8%;--awb-margin-bottom-large:1.5rem;--awb-spacing-left-large:4.8%;--awb-width-medium:40%;--awb-spacing-right-medium:4.8%;--awb-spacing-left-medium:4.8%;--awb-width-small:100%;--awb-spacing-right-small:1.92%;--awb-margin-bottom-small:40px;--awb-spacing-left-small:1.92%;\"><div class=\"fusion-column-wrapper fusion-column-has-shadow fusion-flex-justify-content-flex-start fusion-content-layout-column\"><div class=\"fusion-image-element \" style=\"--awb-aspect-ratio: 100 \/ 131;--awb-object-position:40% 46%;--awb-mask-url: url(https:\/\/allgeier-se.seowerk.net\/wp-content\/plugins\/fusion-builder\/\/assets\/images\/masks\/mask-16.svg);--awb-mask-size: cover;--awb-caption-title-font-family:var(--h2_typography-font-family);--awb-caption-title-font-weight:var(--h2_typography-font-weight);--awb-caption-title-font-style:var(--h2_typography-font-style);--awb-caption-title-size:var(--h2_typography-font-size);--awb-caption-title-transform:var(--h2_typography-text-transform);--awb-caption-title-line-height:var(--h2_typography-line-height);--awb-caption-title-letter-spacing:var(--h2_typography-letter-spacing);\"><span class=\" fusion-imageframe imageframe-none imageframe-1 hover-type-none has-mask has-aspect-ratio\"><img decoding=\"async\" width=\"1024\" height=\"683\" title=\"multiethnic Group of young business people throwing documents\" src=\"https:\/\/allgeier-se.seowerk.net\/wp-content\/uploads\/2025\/01\/multiethnic-group-of-young-business-people-throwin@2560.jpg\" data-orig-src=\"https:\/\/allgeier-se.seowerk.net\/wp-content\/uploads\/2025\/01\/multiethnic-group-of-young-business-people-throwin@2560-1024x683.jpg\" class=\"lazyload img-responsive wp-image-2244 img-with-aspect-ratio\" data-parent-fit=\"cover\" data-parent-container=\".fusion-image-element\" alt srcset=\"data:image\/svg+xml,%3Csvg%20xmlns%3D%27http%3A%2F%2Fwww.w3.org%2F2000%2Fsvg%27%20width%3D%272560%27%20height%3D%271708%27%20viewBox%3D%270%200%202560%201708%27%3E%3Crect%20width%3D%272560%27%20height%3D%271708%27%20fill-opacity%3D%220%22%2F%3E%3C%2Fsvg%3E\" data-srcset=\"https:\/\/allgeier-se.seowerk.net\/wp-content\/uploads\/2025\/01\/multiethnic-group-of-young-business-people-throwin@2560-200x133.jpg 200w, https:\/\/allgeier-se.seowerk.net\/wp-content\/uploads\/2025\/01\/multiethnic-group-of-young-business-people-throwin@2560-400x267.jpg 400w, https:\/\/allgeier-se.seowerk.net\/wp-content\/uploads\/2025\/01\/multiethnic-group-of-young-business-people-throwin@2560-600x400.jpg 600w, https:\/\/allgeier-se.seowerk.net\/wp-content\/uploads\/2025\/01\/multiethnic-group-of-young-business-people-throwin@2560-800x534.jpg 800w, https:\/\/allgeier-se.seowerk.net\/wp-content\/uploads\/2025\/01\/multiethnic-group-of-young-business-people-throwin@2560-1200x801.jpg 1200w\" data-sizes=\"auto\" data-orig-sizes=\"(max-width: 768px) 100vw, 600px\" \/><\/span><\/div><\/div><\/div><div class=\"fusion-layout-column fusion_builder_column fusion-builder-column-1 fusion_builder_column_3_5 3_5 fusion-flex-column\" style=\"--awb-bg-size:cover;--awb-width-large:60%;--awb-margin-top-large:0px;--awb-spacing-right-large:3.2%;--awb-margin-bottom-large:1.5rem;--awb-spacing-left-large:3.2%;--awb-width-medium:60%;--awb-spacing-right-medium:3.2%;--awb-spacing-left-medium:3.2%;--awb-width-small:100%;--awb-spacing-right-small:1.92%;--awb-margin-bottom-small:0px;--awb-spacing-left-small:1.92%;\"><div class=\"fusion-column-wrapper fusion-column-has-shadow fusion-flex-justify-content-flex-start fusion-content-layout-column\"><div class=\"fusion-title title fusion-title-1 fusion-sep-none fusion-title-text fusion-title-size-one\" style=\"--awb-margin-top-small:10px;--awb-margin-right-small:0px;--awb-margin-bottom-small:10px;--awb-margin-left-small:0px;\"><h1 class=\"fusion-title-heading title-heading-left fusion-responsive-typography-calculated\" style=\"--fontSize:60;line-height:var(--awb-typography1-line-height);\">Digitale Transformation f\u00fcr \u00f6ffentliche Verwaltung, globale Unternehmen und den Mittelstand.<br \/>Smarter. Besser. Sicherer.<\/h1><\/div><div class=\"fusion-separator separator-gradient\" style=\"align-self: flex-start;margin-right:auto;margin-top:1.31rem;margin-bottom:2rem;width:100%;max-width:70px;\"><div class=\"fusion-separator-border sep-single sep-solid\" style=\"--awb-height:20px;--awb-amount:20px;--awb-sep-color:var(--awb-color3);border-color:var(--awb-color3);border-top-width:5px;\"><\/div><\/div>\n<div class=\"fusion-separator fusion-no-large-visibility fusion-full-width-sep\" style=\"align-self: center;margin-left: auto;margin-right: auto;margin-bottom:3%;width:100%;\"><\/div><div class=\"fusion-text fusion-text-1 awb-text-cols fusion-text-columns-2\" style=\"--awb-columns:2;--awb-column-spacing:2em;--awb-column-min-width:350px;\"><p>Allgeier ist ein Technologie-Unternehmen f\u00fcr <b>digitale Transformation<\/b>. Die zur Allgeier-Gruppe geh\u00f6renden Unternehmen unterst\u00fctzen ihre Kunden im In- und Ausland mit <strong>umfassenden Software- und IT-Services<\/strong> bei den Herausforderungen des digitalen Wandels sowie der <strong>Digitalisierung und Transformation gesch\u00e4ftskritischer Prozesse<\/strong>. Die mit \u00fcber 2.500 Kunden breite und stabile Kundenbasis besteht aus global agierenden Konzernen, leistungsstarken mittelst\u00e4ndischen Unternehmen sowie Auftraggebern des \u00f6ffentlichen Sektors auf allen f\u00f6deralen Ebenen. In der Allgeier-Gruppe sind \u00fcber 3.100 Mitarbeiter an unseren Standorten in der DACH-Region, in Frankreich, Spanien, Portugal, Polen, Tschechien und den Niederlanden sowie in Indien, Vietnam, Kanada und den USA t\u00e4tig.<\/p>\n<\/div><div class=\"fusion-separator fusion-full-width-sep\" style=\"align-self: center;margin-left: auto;margin-right: auto;margin-bottom:3%;width:100%;\"><\/div><\/div><\/div><\/div><\/div><div class=\"fusion-fullwidth fullwidth-box fusion-builder-row-2 fusion-flex-container has-pattern-background has-mask-background fusion-parallax-fixed nonhundred-percent-fullwidth non-hundred-percent-height-scrolling lazyload\" style=\"--awb-background-position:center top;--awb-background-blend-mode:multiply;--awb-border-sizes-top:0px;--awb-border-sizes-bottom:0px;--awb-border-sizes-left:0px;--awb-border-sizes-right:0px;--awb-border-radius-top-left:0px;--awb-border-radius-top-right:0px;--awb-border-radius-bottom-right:0px;--awb-border-radius-bottom-left:0px;--awb-padding-top-medium:60px;--awb-padding-bottom-medium:60px;--awb-padding-top-small:60px;--awb-background-color:var(--awb-color6);--awb-background-size:cover;--awb-flex-wrap:wrap;background-attachment:fixed;\" data-bg=\"https:\/\/allgeier-se.seowerk.net\/wp-content\/uploads\/2025\/01\/Shape-A.svg\" ><div class=\"fusion-builder-row fusion-row fusion-flex-align-items-flex-start fusion-flex-justify-content-center fusion-flex-content-wrap\" style=\"max-width:1456px;margin-left: calc(-4% \/ 2 );margin-right: calc(-4% \/ 2 );\"><div class=\"fusion-layout-column fusion_builder_column fusion-builder-column-2 fusion_builder_column_1_1 1_1 fusion-flex-column\" style=\"--awb-bg-size:cover;--awb-width-large:100%;--awb-margin-top-large:0px;--awb-spacing-right-large:1.92%;--awb-margin-bottom-large:1.5rem;--awb-spacing-left-large:1.92%;--awb-width-medium:100%;--awb-spacing-right-medium:1.92%;--awb-spacing-left-medium:1.92%;--awb-width-small:100%;--awb-spacing-right-small:1.92%;--awb-margin-bottom-small:44px;--awb-spacing-left-small:1.92%;\"><div class=\"fusion-column-wrapper fusion-column-has-shadow fusion-flex-justify-content-center fusion-content-layout-column\"><div class=\"fusion-title title fusion-title-2 fusion-sep-none fusion-title-center fusion-title-text fusion-title-size-two fusion-animated break-word mega-headline\" style=\"--awb-margin-top:0px;--awb-margin-bottom:.25em;--awb-font-size:12vmin;\" data-animationType=\"fadeInUp\" data-animationDuration=\"0.3\" data-animationOffset=\"top-into-view\"><h2 class=\"fusion-title-heading title-heading-center awb-gradient-text fusion-responsive-typography-calculated\" style=\"font-family:&quot;Heebo&quot;;font-style:normal;font-weight:200;margin:0;text-transform:uppercase;background-color:var(--awb-color3);background-image:linear-gradient(45deg, var(--awb-color3) 0%,var(--awb-color5) 100%);font-size:1em;--fontSize:18;--minFontSize:18;line-height:0.9;filter:drop-shadow(0px 0px 16px var(--awb-color4));\">Wir sind Allgeier<\/h2><\/div><div class=\"fusion-separator separator-gradient\" style=\"align-self: center;margin-left: auto;margin-right: auto;margin-bottom:2rem;width:100%;max-width:140px;\"><div class=\"fusion-separator-border sep-single sep-solid\" style=\"--awb-height:20px;--awb-amount:20px;--awb-sep-color:var(--awb-color3);border-color:var(--awb-color3);border-top-width:5px;\"><\/div><\/div>\n<\/div><\/div><div class=\"fusion-layout-column fusion_builder_column fusion-builder-column-3 fusion_builder_column_2_5 2_5 fusion-flex-column\" style=\"--awb-bg-size:cover;--awb-width-large:40%;--awb-margin-top-large:0px;--awb-spacing-right-large:4.8%;--awb-margin-bottom-large:1.5rem;--awb-spacing-left-large:4.8%;--awb-width-medium:50%;--awb-spacing-right-medium:3.84%;--awb-spacing-left-medium:3.84%;--awb-width-small:100%;--awb-spacing-right-small:1.92%;--awb-margin-bottom-small:60px;--awb-spacing-left-small:1.92%;\"><div class=\"fusion-column-wrapper fusion-column-has-shadow fusion-flex-justify-content-flex-start fusion-content-layout-column\"><div class=\"fusion-image-element \" style=\"--awb-aspect-ratio:16 \/ 9;--awb-caption-title-font-family:var(--h2_typography-font-family);--awb-caption-title-font-weight:var(--h2_typography-font-weight);--awb-caption-title-font-style:var(--h2_typography-font-style);--awb-caption-title-size:var(--h2_typography-font-size);--awb-caption-title-transform:var(--h2_typography-text-transform);--awb-caption-title-line-height:var(--h2_typography-line-height);--awb-caption-title-letter-spacing:var(--h2_typography-letter-spacing);--awb-filter:brightness(100%) contrast(100%);--awb-filter-transition:filter 0.3s ease;--awb-filter-hover:brightness(105%) contrast(115%);\"><span class=\" fusion-imageframe imageframe-glow imageframe-2 hover-type-zoomin has-aspect-ratio fusion-animated\" style=\"-webkit-box-shadow: 0 0 50px hsla(var(--awb-color5-h),var(--awb-color5-s),var(--awb-color5-l),calc(var(--awb-color5-a) - 50%));box-shadow: 0 0 50px hsla(var(--awb-color5-h),var(--awb-color5-s),var(--awb-color5-l),calc(var(--awb-color5-a) - 50%));\" data-animationType=\"fadeInDown\" data-animationDuration=\"0.5\" data-animationOffset=\"top-into-view\"><a class=\"fusion-no-lightbox\" href=\"https:\/\/allgeier-se.seowerk.net\/ueber-uns\/allgeier-gruppe\/\" target=\"_self\" aria-label=\"The office building\"><img decoding=\"async\" width=\"1024\" height=\"683\" src=\"https:\/\/allgeier-se.seowerk.net\/wp-content\/uploads\/2025\/01\/the-office-building@2560.jpg\" data-orig-src=\"https:\/\/allgeier-se.seowerk.net\/wp-content\/uploads\/2025\/01\/the-office-building@2560-1024x683.jpg\" class=\"lazyload img-responsive wp-image-2246 img-with-aspect-ratio\" data-parent-fit=\"cover\" data-parent-container=\".fusion-image-element\" alt srcset=\"data:image\/svg+xml,%3Csvg%20xmlns%3D%27http%3A%2F%2Fwww.w3.org%2F2000%2Fsvg%27%20width%3D%272560%27%20height%3D%271707%27%20viewBox%3D%270%200%202560%201707%27%3E%3Crect%20width%3D%272560%27%20height%3D%271707%27%20fill-opacity%3D%220%22%2F%3E%3C%2Fsvg%3E\" data-srcset=\"https:\/\/allgeier-se.seowerk.net\/wp-content\/uploads\/2025\/01\/the-office-building@2560-200x133.jpg 200w, https:\/\/allgeier-se.seowerk.net\/wp-content\/uploads\/2025\/01\/the-office-building@2560-400x267.jpg 400w, https:\/\/allgeier-se.seowerk.net\/wp-content\/uploads\/2025\/01\/the-office-building@2560-600x400.jpg 600w, https:\/\/allgeier-se.seowerk.net\/wp-content\/uploads\/2025\/01\/the-office-building@2560-800x533.jpg 800w, https:\/\/allgeier-se.seowerk.net\/wp-content\/uploads\/2025\/01\/the-office-building@2560-1200x800.jpg 1200w\" data-sizes=\"auto\" data-orig-sizes=\"(max-width: 768px) 100vw, 600px\" \/><\/a><\/span><\/div><div class=\"fusion-title title fusion-title-3 fusion-sep-none fusion-title-text fusion-title-size-three\" style=\"--awb-margin-top:10px;--awb-margin-right:0px;--awb-margin-bottom:15px;--awb-margin-left:0px;--awb-margin-top-small:10px;--awb-margin-right-small:0px;--awb-margin-bottom-small:10px;--awb-margin-left-small:0px;--awb-font-size:var(--awb-typography2-font-size);\"><h3 class=\"fusion-title-heading title-heading-left fusion-responsive-typography-calculated\" style=\"font-family:var(--awb-typography2-font-family);font-weight:var(--awb-typography2-font-weight);font-style:var(--awb-typography2-font-style);margin:0;letter-spacing:var(--awb-typography2-letter-spacing);text-transform:var(--awb-typography2-text-transform);font-size:1em;--fontSize:26;line-height:var(--awb-typography2-line-height);\">Allgeier-Gruppe<\/h3><\/div><div class=\"fusion-text fusion-text-2 fusion-text-no-margin\" style=\"--awb-margin-bottom:30px;\"><p>Erfahren Sie mehr \u00fcber unsere <strong>Gruppenunternehmen<\/strong> und was wir f\u00fcr unsere Kunden leisten.<\/p>\n<\/div><div ><a class=\"fusion-button button-flat fusion-button-default-size button-default fusion-button-default button-1 fusion-button-default-span fusion-button-default-type\" target=\"_self\" data-hover=\"bg_slide_left\" title=\"Mehr zur Allgeier-Gruppe\" aria-label=\"Mehr zur Allgeier-Gruppe\" href=\"https:\/\/allgeier-se.seowerk.net\/ueber-uns\/allgeier-gruppe\/\"><span class=\"fusion-button-text awb-button__text awb-button__text--default\">Mehr zur Allgeier-Gruppe<\/span><i class=\"fa-angle-right fas awb-button__icon awb-button__icon--default button-icon-right\" aria-hidden=\"true\"><\/i><\/a><\/div><\/div><\/div><div class=\"fusion-layout-column fusion_builder_column fusion-builder-column-4 fusion_builder_column_2_5 2_5 fusion-flex-column\" style=\"--awb-bg-size:cover;--awb-width-large:40%;--awb-margin-top-large:0px;--awb-spacing-right-large:4.8%;--awb-margin-bottom-large:1.5rem;--awb-spacing-left-large:4.8%;--awb-width-medium:50%;--awb-spacing-right-medium:3.84%;--awb-spacing-left-medium:3.84%;--awb-width-small:100%;--awb-spacing-right-small:1.92%;--awb-margin-bottom-small:60px;--awb-spacing-left-small:1.92%;\"><div class=\"fusion-column-wrapper fusion-column-has-shadow fusion-flex-justify-content-flex-start fusion-content-layout-column\"><div class=\"fusion-image-element \" style=\"--awb-aspect-ratio:16 \/ 9;--awb-caption-title-font-family:var(--h2_typography-font-family);--awb-caption-title-font-weight:var(--h2_typography-font-weight);--awb-caption-title-font-style:var(--h2_typography-font-style);--awb-caption-title-size:var(--h2_typography-font-size);--awb-caption-title-transform:var(--h2_typography-text-transform);--awb-caption-title-line-height:var(--h2_typography-line-height);--awb-caption-title-letter-spacing:var(--h2_typography-letter-spacing);--awb-filter:brightness(100%) contrast(100%);--awb-filter-transition:filter 0.3s ease;--awb-filter-hover:brightness(105%) contrast(115%);\"><span class=\" fusion-imageframe imageframe-glow imageframe-3 hover-type-zoomin has-aspect-ratio fusion-animated\" style=\"-webkit-box-shadow: 0 0 50px hsla(var(--awb-color5-h),var(--awb-color5-s),var(--awb-color5-l),calc(var(--awb-color5-a) - 50%));box-shadow: 0 0 50px hsla(var(--awb-color5-h),var(--awb-color5-s),var(--awb-color5-l),calc(var(--awb-color5-a) - 50%));\" data-animationType=\"fadeInDown\" data-animationDuration=\"0.5\" data-animationOffset=\"top-into-view\"><a class=\"fusion-no-lightbox\" href=\"https:\/\/allgeier-se.seowerk.net\/ueber-uns\/allgeier-se\/\" target=\"_self\" aria-label=\"Indian man wearing earbud holding cell phone at night using smartphone.\"><img decoding=\"async\" width=\"1024\" height=\"591\" src=\"https:\/\/allgeier-se.seowerk.net\/wp-content\/uploads\/2025\/01\/indian-man-wearing-earbud-holding-cell-phone-at-night@2560.jpg\" data-orig-src=\"https:\/\/allgeier-se.seowerk.net\/wp-content\/uploads\/2025\/01\/indian-man-wearing-earbud-holding-cell-phone-at-night@2560-1024x591.jpg\" class=\"lazyload img-responsive wp-image-2245 img-with-aspect-ratio\" data-parent-fit=\"cover\" data-parent-container=\".fusion-image-element\" alt srcset=\"data:image\/svg+xml,%3Csvg%20xmlns%3D%27http%3A%2F%2Fwww.w3.org%2F2000%2Fsvg%27%20width%3D%272560%27%20height%3D%271478%27%20viewBox%3D%270%200%202560%201478%27%3E%3Crect%20width%3D%272560%27%20height%3D%271478%27%20fill-opacity%3D%220%22%2F%3E%3C%2Fsvg%3E\" data-srcset=\"https:\/\/allgeier-se.seowerk.net\/wp-content\/uploads\/2025\/01\/indian-man-wearing-earbud-holding-cell-phone-at-night@2560-200x115.jpg 200w, https:\/\/allgeier-se.seowerk.net\/wp-content\/uploads\/2025\/01\/indian-man-wearing-earbud-holding-cell-phone-at-night@2560-400x231.jpg 400w, https:\/\/allgeier-se.seowerk.net\/wp-content\/uploads\/2025\/01\/indian-man-wearing-earbud-holding-cell-phone-at-night@2560-600x346.jpg 600w, https:\/\/allgeier-se.seowerk.net\/wp-content\/uploads\/2025\/01\/indian-man-wearing-earbud-holding-cell-phone-at-night@2560-800x462.jpg 800w, https:\/\/allgeier-se.seowerk.net\/wp-content\/uploads\/2025\/01\/indian-man-wearing-earbud-holding-cell-phone-at-night@2560-1200x693.jpg 1200w\" data-sizes=\"auto\" data-orig-sizes=\"(max-width: 768px) 100vw, 600px\" \/><\/a><\/span><\/div><div class=\"fusion-title title fusion-title-4 fusion-sep-none fusion-title-text fusion-title-size-three\" style=\"--awb-margin-top:10px;--awb-margin-right:0px;--awb-margin-bottom:15px;--awb-margin-left:0px;--awb-margin-top-small:10px;--awb-margin-right-small:0px;--awb-margin-bottom-small:10px;--awb-margin-left-small:0px;--awb-font-size:var(--awb-typography2-font-size);\"><h3 class=\"fusion-title-heading title-heading-left fusion-responsive-typography-calculated\" style=\"font-family:var(--awb-typography2-font-family);font-weight:var(--awb-typography2-font-weight);font-style:var(--awb-typography2-font-style);margin:0;letter-spacing:var(--awb-typography2-letter-spacing);text-transform:var(--awb-typography2-text-transform);font-size:1em;--fontSize:26;line-height:var(--awb-typography2-line-height);\">Allgeier SE<\/h3><\/div><div class=\"fusion-text fusion-text-3 fusion-text-no-margin\" style=\"--awb-margin-bottom:30px;\"><p>Erfahren Sie mehr \u00fcber unsere <strong>F\u00fchrungsholding <\/strong>und wie wir nachhaltige Wertsch\u00f6pfung generieren.<\/p>\n<\/div><div ><a class=\"fusion-button button-flat fusion-button-default-size button-default fusion-button-default button-2 fusion-button-default-span fusion-button-default-type\" target=\"_self\" data-hover=\"bg_slide_left\" title=\"Mehr zur Allgeier SE\" aria-label=\"Mehr zur Allgeier SE\" href=\"https:\/\/allgeier-se.seowerk.net\/ueber-uns\/allgeier-se\/\"><span class=\"fusion-button-text awb-button__text awb-button__text--default\">Mehr zur Allgeier SE<\/span><i class=\"fa-angle-right fas awb-button__icon awb-button__icon--default button-icon-right\" aria-hidden=\"true\"><\/i><\/a><\/div><\/div><\/div><\/div><\/div><\/p>\n","protected":false},"excerpt":{"rendered":"","protected":false},"author":1,"featured_media":0,"parent":0,"menu_order":0,"comment_status":"closed","ping_status":"closed","template":"100-width.php","meta":{"footnotes":""},"categories":[],"tags":[],"class_list":["post-11","page","type-page","status-publish","hentry"],"_links":{"self":[{"href":"https:\/\/allgeier-se.seowerk.net\/de\/wp-json\/wp\/v2\/pages\/11","targetHints":{"allow":["GET"]}}],"collection":[{"href":"https:\/\/allgeier-se.seowerk.net\/de\/wp-json\/wp\/v2\/pages"}],"about":[{"href":"https:\/\/allgeier-se.seowerk.net\/de\/wp-json\/wp\/v2\/types\/page"}],"author":[{"embeddable":true,"href":"https:\/\/allgeier-se.seowerk.net\/de\/wp-json\/wp\/v2\/users\/1"}],"replies":[{"embeddable":true,"href":"https:\/\/allgeier-se.seowerk.net\/de\/wp-json\/wp\/v2\/comments?post=11"}],"version-history":[{"count":10,"href":"https:\/\/allgeier-se.seowerk.net\/de\/wp-json\/wp\/v2\/pages\/11\/revisions"}],"predecessor-version":[{"id":8607,"href":"https:\/\/allgeier-se.seowerk.net\/de\/wp-json\/wp\/v2\/pages\/11\/revisions\/8607"}],"wp:attachment":[{"href":"https:\/\/allgeier-se.seowerk.net\/de\/wp-json\/wp\/v2\/media?parent=11"}],"wp:term":[{"taxonomy":"category","embeddable":true,"href":"https:\/\/allgeier-se.seowerk.net\/de\/wp-json\/wp\/v2\/categories?post=11"},{"taxonomy":"post_tag","embeddable":true,"href":"https:\/\/allgeier-se.seowerk.net\/de\/wp-json\/wp\/v2\/tags?post=11"}],"curies":[{"name":"wp","href":"https:\/\/api.w.org\/{rel}","templated":true}]}}